{"id":36,"date":"2025-01-30T09:24:25","date_gmt":"2025-01-30T09:24:25","guid":{"rendered":"https:\/\/hudsonmanor.org\/contacts\/"},"modified":"2025-01-30T09:24:25","modified_gmt":"2025-01-30T09:24:25","slug":"contacts","status":"publish","type":"page","link":"https:\/\/hudsonmanor.org\/ro\/contacts\/","title":{"rendered":"Contacte"},"content":{"rendered":"<h2>Contacta\u0163i-ne<\/h2>\n<p>La Hudson Manor, suntem bucuro\u0219i s\u0103 r\u0103spundem la orice \u00eentreb\u0103ri sau sugestii pe care le ave\u021bi. V\u0103 rug\u0103m s\u0103 ne contacta\u021bi direct folosind informa\u021biile de mai jos sau formularul nostru online.<\/p>\n<h2>Adresa<\/h2>\n<p><strong>Conacul Hudson<\/strong><\/p>\n<p>123 Avenue of Lights<\/p>\n<p>75008 Paris, Fran\u021ba<\/p>\n<h2>Trimite\u021bi-ne un e-mail<\/h2>\n<p>Pentru orice \u00eentreb\u0103ri sau sugestii, v\u0103 rug\u0103m s\u0103 ne trimite\u021bi un e-mail la adresa: <a href=\"mailto:contact@hudsonmanor.org\">contact@hudsonmanor.org<\/a><\/p>\n<h2>Formular de contact<\/h2>\n<form action=\"\/ro\/envoyer-message\/\" method=\"post\" data-trp-original-action=\"\/envoyer-message\">\n                <label for=\"name\">Nume:<\/label><br \/>\n                <input type=\"text\" id=\"name\" name=\"name\" required><\/p>\n<p>                <label for=\"email\">E-mail:<\/label><br \/>\n                <input type=\"email\" id=\"email\" name=\"email\" required><\/p>\n<p>                <label for=\"message\">Mesaj:<\/label><br \/>\n                <textarea id=\"message\" name=\"message\" rows=\"5\" required><\/textarea><\/p>\n<p>                <button type=\"submit\">Trimite<\/button><br \/>\n            <input type=\"hidden\" name=\"trp-form-language\" value=\"ro\"\/><\/form>","protected":false},"excerpt":{"rendered":"<p>Contacta\u021bi-ne La Hudson Manor, suntem bucuro\u0219i s\u0103 r\u0103spundem la orice \u00eentreb\u0103ri sau sugestii pe care le ave\u021bi. V\u0103 rug\u0103m s\u0103 ne contacta\u021bi direct folosind informa\u021biile de mai jos sau formularul nostru online. Adresa Hudson Manor 123 Avenue des Lumi\u00e8res 75008 Paris, Fran\u021ba Trimite\u021bi-ne un e-mail Pentru orice \u00eentreb\u0103ri sau\u2026<\/p>\n<p class=\"continue-reading-button\"> <a class=\"continue-reading-link\" href=\"https:\/\/hudsonmanor.org\/ro\/contacts\/\">Continu\u0103 s\u0103 cite\u0219ti<i class=\"crycon-right-dir\"><\/i><\/a><\/p>","protected":false},"author":1,"featured_media":0,"parent":0,"menu_order":0,"comment_status":"closed","ping_status":"closed","template":"","meta":{"_acf_changed":false,"footnotes":""},"class_list":["post-36","page","type-page","status-publish","hentry"],"acf":[],"yoast_head":"<!-- This site is optimized with the Yoast SEO plugin v23.2 - https:\/\/yoast.com\/wordpress\/plugins\/seo\/ -->\n<title>Contactez-nous | Hudson Manor<\/title>\n<meta name=\"description\" content=\"Contactez Hudson Manor pour vos questions et suggestions. Trouvez notre adresse et envoyez vos messages via notre formulaire.\" \/>\n<meta name=\"robots\" content=\"index, follow, max-snippet:-1, max-image-preview:large, max-video-preview:-1\" \/>\n<link rel=\"canonical\" href=\"https:\/\/hudsonmanor.org\/ro\/contacts\/\" \/>\n<meta property=\"og:locale\" content=\"ro_RO\" \/>\n<meta property=\"og:type\" content=\"article\" \/>\n<meta property=\"og:title\" content=\"Contactez-nous | Hudson Manor\" \/>\n<meta property=\"og:description\" content=\"Contactez Hudson Manor pour vos questions et suggestions. Trouvez notre adresse et envoyez vos messages via notre formulaire.\" \/>\n<meta property=\"og:url\" content=\"https:\/\/hudsonmanor.org\/ro\/contacts\/\" \/>\n<meta property=\"og:site_name\" content=\"hudsonmanor.org\" \/>\n<meta name=\"twitter:card\" content=\"summary_large_image\" \/>\n<script type=\"application\/ld+json\" class=\"yoast-schema-graph\">{\"@context\":\"https:\/\/schema.org\",\"@graph\":[{\"@type\":\"WebPage\",\"@id\":\"https:\/\/hudsonmanor.org\/contacts\/\",\"url\":\"https:\/\/hudsonmanor.org\/contacts\/\",\"name\":\"Contactez-nous | Hudson Manor\",\"isPartOf\":{\"@id\":\"https:\/\/hudsonmanor.org\/#website\"},\"datePublished\":\"2025-01-30T09:24:25+00:00\",\"dateModified\":\"2025-01-30T09:24:25+00:00\",\"description\":\"Contactez Hudson Manor pour vos questions et suggestions. Trouvez notre adresse et envoyez vos messages via notre formulaire.\",\"breadcrumb\":{\"@id\":\"https:\/\/hudsonmanor.org\/contacts\/#breadcrumb\"},\"inLanguage\":\"ro-RO\",\"potentialAction\":[{\"@type\":\"ReadAction\",\"target\":[\"https:\/\/hudsonmanor.org\/contacts\/\"]}]},{\"@type\":\"BreadcrumbList\",\"@id\":\"https:\/\/hudsonmanor.org\/contacts\/#breadcrumb\",\"itemListElement\":[{\"@type\":\"ListItem\",\"position\":1,\"name\":\"Home\",\"item\":\"https:\/\/hudsonmanor.org\/\"},{\"@type\":\"ListItem\",\"position\":2,\"name\":\"Contacts\"}]},{\"@type\":\"WebSite\",\"@id\":\"https:\/\/hudsonmanor.org\/#website\",\"url\":\"https:\/\/hudsonmanor.org\/\",\"name\":\"hudsonmanor.org\",\"description\":\"Comparatifs et conseils mode \u2013 Tendances et styles\",\"potentialAction\":[{\"@type\":\"SearchAction\",\"target\":{\"@type\":\"EntryPoint\",\"urlTemplate\":\"https:\/\/hudsonmanor.org\/?s={search_term_string}\"},\"query-input\":\"required name=search_term_string\"}],\"inLanguage\":\"ro-RO\"}]}<\/script>\n<!-- \/ Yoast SEO plugin. -->","yoast_head_json":{"title":"Contactez-nous | Hudson Manor","description":"Contactez Hudson Manor pour vos questions et suggestions. Trouvez notre adresse et envoyez vos messages via notre formulaire.","robots":{"index":"index","follow":"follow","max-snippet":"max-snippet:-1","max-image-preview":"max-image-preview:large","max-video-preview":"max-video-preview:-1"},"canonical":"https:\/\/hudsonmanor.org\/ro\/contacts\/","og_locale":"ro_RO","og_type":"article","og_title":"Contactez-nous | Hudson Manor","og_description":"Contactez Hudson Manor pour vos questions et suggestions. Trouvez notre adresse et envoyez vos messages via notre formulaire.","og_url":"https:\/\/hudsonmanor.org\/ro\/contacts\/","og_site_name":"hudsonmanor.org","twitter_card":"summary_large_image","schema":{"@context":"https:\/\/schema.org","@graph":[{"@type":"WebPage","@id":"https:\/\/hudsonmanor.org\/contacts\/","url":"https:\/\/hudsonmanor.org\/contacts\/","name":"Contactez-nous | Hudson Manor","isPartOf":{"@id":"https:\/\/hudsonmanor.org\/#website"},"datePublished":"2025-01-30T09:24:25+00:00","dateModified":"2025-01-30T09:24:25+00:00","description":"Contactez Hudson Manor pour vos questions et suggestions. Trouvez notre adresse et envoyez vos messages via notre formulaire.","breadcrumb":{"@id":"https:\/\/hudsonmanor.org\/contacts\/#breadcrumb"},"inLanguage":"ro-RO","potentialAction":[{"@type":"ReadAction","target":["https:\/\/hudsonmanor.org\/contacts\/"]}]},{"@type":"BreadcrumbList","@id":"https:\/\/hudsonmanor.org\/contacts\/#breadcrumb","itemListElement":[{"@type":"ListItem","position":1,"name":"Home","item":"https:\/\/hudsonmanor.org\/"},{"@type":"ListItem","position":2,"name":"Contacts"}]},{"@type":"WebSite","@id":"https:\/\/hudsonmanor.org\/#website","url":"https:\/\/hudsonmanor.org\/","name":"hudsonmanor.org","description":"Comparatifs et conseils mode \u2013 Tendances et styles","potentialAction":[{"@type":"SearchAction","target":{"@type":"EntryPoint","urlTemplate":"https:\/\/hudsonmanor.org\/?s={search_term_string}"},"query-input":"required name=search_term_string"}],"inLanguage":"ro-RO"}]}},"yoast_meta":{"yoast_wpseo_title":"","yoast_wpseo_metadesc":"","yoast_wpseo_canonical":"https:\/\/hudsonmanor.org\/ro\/wp-json\/wp\/v2\/pages\/36"},"_links":{"self":[{"href":"https:\/\/hudsonmanor.org\/ro\/wp-json\/wp\/v2\/pages\/36","targetHints":{"allow":["GET"]}}],"collection":[{"href":"https:\/\/hudsonmanor.org\/ro\/wp-json\/wp\/v2\/pages"}],"about":[{"href":"https:\/\/hudsonmanor.org\/ro\/wp-json\/wp\/v2\/types\/page"}],"author":[{"embeddable":true,"href":"https:\/\/hudsonmanor.org\/ro\/wp-json\/wp\/v2\/users\/1"}],"replies":[{"embeddable":true,"href":"https:\/\/hudsonmanor.org\/ro\/wp-json\/wp\/v2\/comments?post=36"}],"version-history":[{"count":0,"href":"https:\/\/hudsonmanor.org\/ro\/wp-json\/wp\/v2\/pages\/36\/revisions"}],"wp:attachment":[{"href":"https:\/\/hudsonmanor.org\/ro\/wp-json\/wp\/v2\/media?parent=36"}],"curies":[{"name":"wp","href":"https:\/\/api.w.org\/{rel}","templated":true}]}}