{"id":35,"date":"2025-01-30T09:24:24","date_gmt":"2025-01-30T09:24:24","guid":{"rendered":"https:\/\/hudsonmanor.org\/a-propos-de-nous\/"},"modified":"2025-01-30T13:12:29","modified_gmt":"2025-01-30T13:12:29","slug":"a-propos-de-nous","status":"publish","type":"page","link":"https:\/\/hudsonmanor.org\/ro\/a-propos-de-nous\/","title":{"rendered":"Despre noi"},"content":{"rendered":"<p>Bine a\u021bi venit \u00een lumea captivant\u0103 a Hudson Manor, destina\u021bia voastr\u0103 preferat\u0103 pentru a explora arta sublim\u0103 a modei contemporane. Blogul nostru s-a n\u0103scut dintr-o pasiune arz\u0103toare pentru expresia vestimentar\u0103 \u0219i creativitatea nem\u0103rginit\u0103 care define\u0219te epoca noastr\u0103.<\/p>\n<p>\u00cen fiecare zi, echipa noastr\u0103 de pasiona\u021bi de mod\u0103 descifreaz\u0103 tendin\u021bele emergente, descoper\u0103 designeri de ultim\u0103 genera\u021bie \u0219i ofer\u0103 sfaturi de specialitate pentru a v\u0103 \u00eembun\u0103t\u0103\u021bi stilul personal. Credem cu t\u0103rie c\u0103 moda este mai mult dec\u00e2t o simpl\u0103 colec\u021bie de haine - este o form\u0103 de art\u0103 vie care v\u0103 spune povestea.<\/p>\n<p><img loading=\"lazy\" decoding=\"async\" class=\"aligncenter wp-image-40 size-full\" src=\"https:\/\/hudsonmanor.org\/wp-content\/uploads\/2025\/01\/photo-new.jpg\" alt=\"\" width=\"612\" height=\"408\" srcset=\"https:\/\/hudsonmanor.org\/wp-content\/uploads\/2025\/01\/photo-new.jpg 612w, https:\/\/hudsonmanor.org\/wp-content\/uploads\/2025\/01\/photo-new-300x200.jpg 300w, https:\/\/hudsonmanor.org\/wp-content\/uploads\/2025\/01\/photo-new-150x100.jpg 150w\" sizes=\"auto, (max-width: 612px) 100vw, 612px\" \/><\/p>\n<h2>Misiunea noastr\u0103<\/h2>\n<p>Misiunea noastr\u0103 este s\u0103 v\u0103 \u00eensenin\u0103m c\u0103l\u0103toria \u00een lumea modei oferindu-v\u0103:<\/p>\n<ul class=\"mission-list\">\n<li>Analize aprofundate ale celor mai recente colec\u021bii de la designeri emergen\u021bi \u0219i consacra\u021bi, dezv\u0103luind subtilit\u0103\u021bile care fac diferen\u021ba<\/li>\n<li>Ghiduri practice pentru a construi o garderob\u0103 atemporal\u0103 care s\u0103 reflecte autentic personalitatea ta<\/li>\n<li>Reportaje exclusive din culise din industria modei, oferindu-v\u0103 acces privilegiat la secretele profesioni\u0219tilor<\/li>\n<li>Sfaturi ecologice pentru a adopta o abordare mai sustenabil\u0103 a modei f\u0103r\u0103 a compromite stilul t\u0103u<\/li>\n<\/ul>","protected":false},"excerpt":{"rendered":"<p>Bienvenue dans l&rsquo;univers captivant de Hudson Manor, votre destination privil\u00e9gi\u00e9e pour explorer l&rsquo;art sublime de la mode contemporaine. Notre blog est n\u00e9 d&rsquo;une passion ardente pour l&rsquo;expression vestimentaire et la cr\u00e9ativit\u00e9 sans limites qui d\u00e9finit notre \u00e9poque. Chaque jour, notre \u00e9quipe de passionn\u00e9s de mode d\u00e9code les tendances \u00e9mergentes, d\u00e9niche&#8230;<\/p>\n<p class=\"continue-reading-button\"> <a class=\"continue-reading-link\" href=\"https:\/\/hudsonmanor.org\/ro\/a-propos-de-nous\/\">Continu\u0103 s\u0103 cite\u0219ti<i class=\"crycon-right-dir\"><\/i><\/a><\/p>","protected":false},"author":1,"featured_media":0,"parent":0,"menu_order":0,"comment_status":"closed","ping_status":"closed","template":"","meta":{"_acf_changed":false,"footnotes":""},"class_list":["post-35","page","type-page","status-publish","hentry"],"acf":[],"yoast_head":"<!-- This site is optimized with the Yoast SEO plugin v23.2 - https:\/\/yoast.com\/wordpress\/plugins\/seo\/ -->\n<title>\u00c0 Propos de Hudson Manor | Blog Mode &amp; Style Contemporain<\/title>\n<meta name=\"description\" content=\"D\u00e9couvrez l&#039;univers fascinant de la mode contemporaine \u00e0 travers nos analyses expertes, conseils personnalis\u00e9s et reportages exclusifs sur les tendances.\" \/>\n<meta name=\"robots\" content=\"index, follow, max-snippet:-1, max-image-preview:large, max-video-preview:-1\" \/>\n<link rel=\"canonical\" href=\"https:\/\/hudsonmanor.org\/ro\/a-propos-de-nous\/\" \/>\n<meta property=\"og:locale\" content=\"ro_RO\" \/>\n<meta property=\"og:type\" content=\"article\" \/>\n<meta property=\"og:title\" content=\"\u00c0 Propos de Hudson Manor | Blog Mode &amp; Style Contemporain\" \/>\n<meta property=\"og:description\" content=\"D\u00e9couvrez l&#039;univers fascinant de la mode contemporaine \u00e0 travers nos analyses expertes, conseils personnalis\u00e9s et reportages exclusifs sur les tendances.\" \/>\n<meta property=\"og:url\" content=\"https:\/\/hudsonmanor.org\/ro\/a-propos-de-nous\/\" \/>\n<meta property=\"og:site_name\" content=\"hudsonmanor.org\" \/>\n<meta property=\"article:modified_time\" content=\"2025-01-30T13:12:29+00:00\" \/>\n<meta property=\"og:image\" content=\"https:\/\/hudsonmanor.org\/wp-content\/uploads\/2025\/01\/photo-new.jpg\" \/>\n<meta name=\"twitter:card\" content=\"summary_large_image\" \/>\n<meta name=\"twitter:label1\" content=\"Timp estimat pentru citire\" \/>\n\t<meta name=\"twitter:data1\" content=\"2 minute\" \/>\n<script type=\"application\/ld+json\" class=\"yoast-schema-graph\">{\"@context\":\"https:\/\/schema.org\",\"@graph\":[{\"@type\":\"WebPage\",\"@id\":\"https:\/\/hudsonmanor.org\/a-propos-de-nous\/\",\"url\":\"https:\/\/hudsonmanor.org\/a-propos-de-nous\/\",\"name\":\"\u00c0 Propos de Hudson Manor | Blog Mode & Style Contemporain\",\"isPartOf\":{\"@id\":\"https:\/\/hudsonmanor.org\/#website\"},\"primaryImageOfPage\":{\"@id\":\"https:\/\/hudsonmanor.org\/a-propos-de-nous\/#primaryimage\"},\"image\":{\"@id\":\"https:\/\/hudsonmanor.org\/a-propos-de-nous\/#primaryimage\"},\"thumbnailUrl\":\"https:\/\/hudsonmanor.org\/wp-content\/uploads\/2025\/01\/photo-new.jpg\",\"datePublished\":\"2025-01-30T09:24:24+00:00\",\"dateModified\":\"2025-01-30T13:12:29+00:00\",\"description\":\"D\u00e9couvrez l'univers fascinant de la mode contemporaine \u00e0 travers nos analyses expertes, conseils personnalis\u00e9s et reportages exclusifs sur les tendances.\",\"breadcrumb\":{\"@id\":\"https:\/\/hudsonmanor.org\/a-propos-de-nous\/#breadcrumb\"},\"inLanguage\":\"ro-RO\",\"potentialAction\":[{\"@type\":\"ReadAction\",\"target\":[\"https:\/\/hudsonmanor.org\/a-propos-de-nous\/\"]}]},{\"@type\":\"ImageObject\",\"inLanguage\":\"ro-RO\",\"@id\":\"https:\/\/hudsonmanor.org\/a-propos-de-nous\/#primaryimage\",\"url\":\"https:\/\/hudsonmanor.org\/wp-content\/uploads\/2025\/01\/photo-new.jpg\",\"contentUrl\":\"https:\/\/hudsonmanor.org\/wp-content\/uploads\/2025\/01\/photo-new.jpg\"},{\"@type\":\"BreadcrumbList\",\"@id\":\"https:\/\/hudsonmanor.org\/a-propos-de-nous\/#breadcrumb\",\"itemListElement\":[{\"@type\":\"ListItem\",\"position\":1,\"name\":\"Home\",\"item\":\"https:\/\/hudsonmanor.org\/\"},{\"@type\":\"ListItem\",\"position\":2,\"name\":\"\u00c0 propos de nous\"}]},{\"@type\":\"WebSite\",\"@id\":\"https:\/\/hudsonmanor.org\/#website\",\"url\":\"https:\/\/hudsonmanor.org\/\",\"name\":\"hudsonmanor.org\",\"description\":\"Comparatifs et conseils mode \u2013 Tendances et styles\",\"potentialAction\":[{\"@type\":\"SearchAction\",\"target\":{\"@type\":\"EntryPoint\",\"urlTemplate\":\"https:\/\/hudsonmanor.org\/?s={search_term_string}\"},\"query-input\":\"required name=search_term_string\"}],\"inLanguage\":\"ro-RO\"}]}<\/script>\n<!-- \/ Yoast SEO plugin. -->","yoast_head_json":{"title":"\u00c0 Propos de Hudson Manor | Blog Mode & Style Contemporain","description":"D\u00e9couvrez l'univers fascinant de la mode contemporaine \u00e0 travers nos analyses expertes, conseils personnalis\u00e9s et reportages exclusifs sur les tendances.","robots":{"index":"index","follow":"follow","max-snippet":"max-snippet:-1","max-image-preview":"max-image-preview:large","max-video-preview":"max-video-preview:-1"},"canonical":"https:\/\/hudsonmanor.org\/ro\/a-propos-de-nous\/","og_locale":"ro_RO","og_type":"article","og_title":"\u00c0 Propos de Hudson Manor | Blog Mode & Style Contemporain","og_description":"D\u00e9couvrez l'univers fascinant de la mode contemporaine \u00e0 travers nos analyses expertes, conseils personnalis\u00e9s et reportages exclusifs sur les tendances.","og_url":"https:\/\/hudsonmanor.org\/ro\/a-propos-de-nous\/","og_site_name":"hudsonmanor.org","article_modified_time":"2025-01-30T13:12:29+00:00","og_image":[{"url":"https:\/\/hudsonmanor.org\/wp-content\/uploads\/2025\/01\/photo-new.jpg"}],"twitter_card":"summary_large_image","twitter_misc":{"Timp estimat pentru citire":"2 minute"},"schema":{"@context":"https:\/\/schema.org","@graph":[{"@type":"WebPage","@id":"https:\/\/hudsonmanor.org\/a-propos-de-nous\/","url":"https:\/\/hudsonmanor.org\/a-propos-de-nous\/","name":"\u00c0 Propos de Hudson Manor | Blog Mode & Style Contemporain","isPartOf":{"@id":"https:\/\/hudsonmanor.org\/#website"},"primaryImageOfPage":{"@id":"https:\/\/hudsonmanor.org\/a-propos-de-nous\/#primaryimage"},"image":{"@id":"https:\/\/hudsonmanor.org\/a-propos-de-nous\/#primaryimage"},"thumbnailUrl":"https:\/\/hudsonmanor.org\/wp-content\/uploads\/2025\/01\/photo-new.jpg","datePublished":"2025-01-30T09:24:24+00:00","dateModified":"2025-01-30T13:12:29+00:00","description":"D\u00e9couvrez l'univers fascinant de la mode contemporaine \u00e0 travers nos analyses expertes, conseils personnalis\u00e9s et reportages exclusifs sur les tendances.","breadcrumb":{"@id":"https:\/\/hudsonmanor.org\/a-propos-de-nous\/#breadcrumb"},"inLanguage":"ro-RO","potentialAction":[{"@type":"ReadAction","target":["https:\/\/hudsonmanor.org\/a-propos-de-nous\/"]}]},{"@type":"ImageObject","inLanguage":"ro-RO","@id":"https:\/\/hudsonmanor.org\/a-propos-de-nous\/#primaryimage","url":"https:\/\/hudsonmanor.org\/wp-content\/uploads\/2025\/01\/photo-new.jpg","contentUrl":"https:\/\/hudsonmanor.org\/wp-content\/uploads\/2025\/01\/photo-new.jpg"},{"@type":"BreadcrumbList","@id":"https:\/\/hudsonmanor.org\/a-propos-de-nous\/#breadcrumb","itemListElement":[{"@type":"ListItem","position":1,"name":"Home","item":"https:\/\/hudsonmanor.org\/"},{"@type":"ListItem","position":2,"name":"\u00c0 propos de nous"}]},{"@type":"WebSite","@id":"https:\/\/hudsonmanor.org\/#website","url":"https:\/\/hudsonmanor.org\/","name":"hudsonmanor.org","description":"Comparatifs et conseils mode \u2013 Tendances et styles","potentialAction":[{"@type":"SearchAction","target":{"@type":"EntryPoint","urlTemplate":"https:\/\/hudsonmanor.org\/?s={search_term_string}"},"query-input":"required name=search_term_string"}],"inLanguage":"ro-RO"}]}},"yoast_meta":{"yoast_wpseo_title":"","yoast_wpseo_metadesc":"","yoast_wpseo_canonical":"https:\/\/hudsonmanor.org\/ro\/wp-json\/wp\/v2\/pages\/35"},"_links":{"self":[{"href":"https:\/\/hudsonmanor.org\/ro\/wp-json\/wp\/v2\/pages\/35","targetHints":{"allow":["GET"]}}],"collection":[{"href":"https:\/\/hudsonmanor.org\/ro\/wp-json\/wp\/v2\/pages"}],"about":[{"href":"https:\/\/hudsonmanor.org\/ro\/wp-json\/wp\/v2\/types\/page"}],"author":[{"embeddable":true,"href":"https:\/\/hudsonmanor.org\/ro\/wp-json\/wp\/v2\/users\/1"}],"replies":[{"embeddable":true,"href":"https:\/\/hudsonmanor.org\/ro\/wp-json\/wp\/v2\/comments?post=35"}],"version-history":[{"count":1,"href":"https:\/\/hudsonmanor.org\/ro\/wp-json\/wp\/v2\/pages\/35\/revisions"}],"predecessor-version":[{"id":41,"href":"https:\/\/hudsonmanor.org\/ro\/wp-json\/wp\/v2\/pages\/35\/revisions\/41"}],"wp:attachment":[{"href":"https:\/\/hudsonmanor.org\/ro\/wp-json\/wp\/v2\/media?parent=35"}],"curies":[{"name":"wp","href":"https:\/\/api.w.org\/{rel}","templated":true}]}}