{"id":3,"date":"2021-12-21T10:05:49","date_gmt":"2021-12-21T10:05:49","guid":{"rendered":"https:\/\/hudsonmanor.org\/\/?page_id=3"},"modified":"2025-01-30T13:13:54","modified_gmt":"2025-01-30T13:13:54","slug":"privacy-policy","status":"publish","type":"page","link":"https:\/\/hudsonmanor.org\/ro\/privacy-policy\/","title":{"rendered":"Politica de confiden\u021bialitate"},"content":{"rendered":"<h2>1. Introducere<\/h2>\n<p>Bine a\u021bi venit la <strong>HudsonManor.org<\/strong> (\u201eSite-ul\u201d). Aceast\u0103 Politic\u0103 de confiden\u021bialitate descrie modul \u00een care colect\u0103m, utiliz\u0103m \u0219i protej\u0103m informa\u021biile dumneavoastr\u0103 personale atunci c\u00e2nd utiliza\u021bi Site-ul nostru.<\/p>\n<p>Prin navigarea pe Site-ul nostru, accepta\u021bi practicile descrise \u00een aceast\u0103 politic\u0103. Colect\u0103m informa\u021bii personale, tehnice \u0219i de utilizare pentru a ne \u00eembun\u0103t\u0103\u021bi serviciile \u0219i a satisface mai bine nevoile dumneavoastr\u0103.<\/p>\n<h2>2. Colectarea informa\u021biilor<\/h2>\n<p>Este posibil s\u0103 colect\u0103m urm\u0103toarele tipuri de date:<\/p>\n<ul>\n<li><strong>Date personale:<\/strong> Nume, adres\u0103 de e-mail, num\u0103r de telefon, adres\u0103 po\u0219tal\u0103 \u0219i orice alte date furnizate \u00een mod voluntar prin intermediul formularelor de contact sau de \u00eenregistrare.<\/li>\n<li><strong>Date tehnice:<\/strong> Adresa IP, tipul de browser, sistemul de operare \u0219i informa\u021biile despre dispozitiv.<\/li>\n<li><strong>Date de utilizare:<\/strong> Pagini vizitate, timp petrecut pe Site, interac\u021biuni cu func\u021biile \u0219i preferin\u021be de navigare.<\/li>\n<\/ul>\n<h2>3. Utilizarea datelor<\/h2>\n<p>Informa\u021biile colectate sunt utilizate pentru:<\/p>\n<ul>\n<li>A r\u0103spunde solicit\u0103rilor de informa\u021bii \u0219i a furniza serviciile noastre.<\/li>\n<li>\u00cembun\u0103t\u0103\u021bi\u021bi navigarea \u0219i experien\u021ba utilizatorului pe Site.<\/li>\n<li>Trimiterea de comunic\u0103ri sau buletine informative dac\u0103 v-a\u021bi dat consim\u021b\u0103m\u00e2ntul pentru acestea.<\/li>\n<li>Respecta\u021bi obliga\u021biile noastre legale \u0219i de reglementare.<\/li>\n<li>Analiza\u021bi traficul site-ului pentru a optimiza func\u021bionarea acestuia.<\/li>\n<\/ul>\n<h2>4. Utilizarea cookie-urilor<\/h2>\n<p>Site-ul nostru web folose\u0219te cookie-uri pentru a v\u0103 \u00eembun\u0103t\u0103\u021bi experien\u021ba. Folosim urm\u0103toarele tipuri de cookie-uri:<\/p>\n<ul>\n<li><strong>Cookie-uri esen\u021biale:<\/strong> Esen\u021bial pentru buna func\u021bionare a Site-ului.<\/li>\n<li><strong>Cookie-uri analitice:<\/strong> Permite\u021bi-ne s\u0103 evalu\u0103m publicul \u0219i s\u0103 ne \u00eembun\u0103t\u0103\u021bim serviciile.<\/li>\n<li><strong>Cookie-uri de personalizare:<\/strong> Ajut\u0103 la adaptarea con\u021binutului la preferin\u021bele tale.<\/li>\n<\/ul>\n<p>Pute\u021bi gestiona preferin\u021bele privind cookie-urile prin set\u0103rile browserului. Dezactivarea cookie-urilor poate limita unele func\u021bionalit\u0103\u021bi ale Site-ului.<\/p>\n<h2>5. Partajarea informa\u021biilor cu ter\u021be p\u0103r\u021bi<\/h2>\n<p>Nu vindem datele dumneavoastr\u0103 personale. Cu toate acestea, este posibil s\u0103 v\u0103 partaj\u0103m informa\u021biile cu:<\/p>\n<ul>\n<li>Furnizori de servicii ter\u021bi care ne asist\u0103 \u00een gestionarea Site-ului \u0219i a serviciilor.<\/li>\n<li>Autorit\u0103\u021bile legale, dac\u0103 este necesar prin lege.<\/li>\n<\/ul>\n<h2>6. Protec\u021bia datelor<\/h2>\n<p>Implement\u0103m m\u0103suri de securitate pentru a v\u0103 proteja datele \u00eempotriva accesului neautorizat, pierderii sau modific\u0103rii. Cu toate acestea, nicio transmisie pe internet nu este complet sigur\u0103. V\u0103 recomand\u0103m s\u0103 lua\u021bi m\u0103suri de precau\u021bie suplimentare pentru a v\u0103 proteja informa\u021biile personale.<\/p>\n<h2>7. Drepturile utilizatorilor<\/h2>\n<p>\u00cen conformitate cu Regulamentul general privind protec\u021bia datelor (RGPD), ave\u021bi urm\u0103toarele drepturi:<\/p>\n<ul>\n<li><strong>Dreptul de acces:<\/strong> Solicita\u021bi o copie a datelor dumneavoastr\u0103 personale.<\/li>\n<li><strong>Dreptul de rectificare:<\/strong> Edita\u021bi informa\u021biile inexacte.<\/li>\n<li><strong>Dreptul la \u0219tergere:<\/strong> Solicita\u021bi \u0219tergerea datelor dumneavoastr\u0103 \u00een anumite condi\u021bii.<\/li>\n<li><strong>Dreptul de a obiecta:<\/strong> Refuza\u021bi utilizarea datelor dumneavoastr\u0103 \u00een scopuri de marketing.<\/li>\n<li><strong>Dreptul la portabilitate:<\/strong> Recupereaz\u0103-\u021bi datele \u00eentr-un format utilizabil.<\/li>\n<\/ul>\n<p>Pentru a exercita aceste drepturi, v\u0103 rug\u0103m s\u0103 ne contacta\u021bi folosind datele de contact de mai jos.<\/p>\n<h2>8. Modific\u0103ri ale Politicii<\/h2>\n<p>Ne rezerv\u0103m dreptul de a modifica aceast\u0103 politic\u0103 de confiden\u021bialitate \u00een orice moment. Orice actualizare va fi publicat\u0103 pe aceast\u0103 pagin\u0103. V\u0103 \u00eencuraj\u0103m s\u0103 revizui\u021bi periodic aceast\u0103 politic\u0103 pentru a fi la curent cu modific\u0103rile.<\/p>\n<h2>9. Contact<\/h2>\n<p>Dac\u0103 ave\u021bi \u00eentreb\u0103ri cu privire la aceast\u0103 politic\u0103 sau la datele dumneavoastr\u0103 personale, v\u0103 rug\u0103m s\u0103 ne contacta\u021bi:<\/p>\n<p><strong>E-mail:<\/strong> <a href=\"mailto:privacy@hudsonmanor.org\">privacy@hudsonmanor.org<\/a><\/p>","protected":false},"excerpt":{"rendered":"<p>1. Introduction Bienvenue sur HudsonManor.org (le \u00ab\u00a0Site\u00a0\u00bb). Cette politique de confidentialit\u00e9 d\u00e9crit comment nous collectons, utilisons et prot\u00e9geons vos informations personnelles lorsque vous utilisez notre Site. En naviguant sur notre Site, vous acceptez les pratiques d\u00e9crites dans cette politique. Nous collectons des informations personnelles, techniques et d&rsquo;utilisation afin d&rsquo;am\u00e9liorer nos&#8230;<\/p>\n<p class=\"continue-reading-button\"> <a class=\"continue-reading-link\" href=\"https:\/\/hudsonmanor.org\/ro\/privacy-policy\/\">Continu\u0103 s\u0103 cite\u0219ti<i class=\"crycon-right-dir\"><\/i><\/a><\/p>","protected":false},"author":1,"featured_media":0,"parent":0,"menu_order":0,"comment_status":"closed","ping_status":"open","template":"","meta":{"_acf_changed":false,"footnotes":""},"class_list":["post-3","page","type-page","status-publish","hentry"],"acf":[],"yoast_head":"<!-- This site is optimized with the Yoast SEO plugin v23.2 - https:\/\/yoast.com\/wordpress\/plugins\/seo\/ -->\n<title>Charte de confidentialit\u00e9 - hudsonmanor.org<\/title>\n<meta name=\"robots\" content=\"index, follow, max-snippet:-1, max-image-preview:large, max-video-preview:-1\" \/>\n<link rel=\"canonical\" href=\"https:\/\/hudsonmanor.org\/ro\/privacy-policy\/\" \/>\n<meta property=\"og:locale\" content=\"ro_RO\" \/>\n<meta property=\"og:type\" content=\"article\" \/>\n<meta property=\"og:title\" content=\"Charte de confidentialit\u00e9 - hudsonmanor.org\" \/>\n<meta property=\"og:description\" content=\"1. Introduction Bienvenue sur HudsonManor.org (le \u00ab\u00a0Site\u00a0\u00bb). Cette politique de confidentialit\u00e9 d\u00e9crit comment nous collectons, utilisons et prot\u00e9geons vos informations personnelles lorsque vous utilisez notre Site. En naviguant sur notre Site, vous acceptez les pratiques d\u00e9crites dans cette politique. Nous collectons des informations personnelles, techniques et d&rsquo;utilisation afin d&rsquo;am\u00e9liorer nos... Poursuivre la lecture\" \/>\n<meta property=\"og:url\" content=\"https:\/\/hudsonmanor.org\/ro\/privacy-policy\/\" \/>\n<meta property=\"og:site_name\" content=\"hudsonmanor.org\" \/>\n<meta property=\"article:modified_time\" content=\"2025-01-30T13:13:54+00:00\" \/>\n<meta name=\"twitter:card\" content=\"summary_large_image\" \/>\n<meta name=\"twitter:label1\" content=\"Timp estimat pentru citire\" \/>\n\t<meta name=\"twitter:data1\" content=\"3 minute\" \/>\n<script type=\"application\/ld+json\" class=\"yoast-schema-graph\">{\"@context\":\"https:\/\/schema.org\",\"@graph\":[{\"@type\":\"WebPage\",\"@id\":\"https:\/\/hudsonmanor.org\/privacy-policy\/\",\"url\":\"https:\/\/hudsonmanor.org\/privacy-policy\/\",\"name\":\"Charte de confidentialit\u00e9 - hudsonmanor.org\",\"isPartOf\":{\"@id\":\"https:\/\/hudsonmanor.org\/#website\"},\"datePublished\":\"2021-12-21T10:05:49+00:00\",\"dateModified\":\"2025-01-30T13:13:54+00:00\",\"breadcrumb\":{\"@id\":\"https:\/\/hudsonmanor.org\/privacy-policy\/#breadcrumb\"},\"inLanguage\":\"ro-RO\",\"potentialAction\":[{\"@type\":\"ReadAction\",\"target\":[\"https:\/\/hudsonmanor.org\/privacy-policy\/\"]}]},{\"@type\":\"BreadcrumbList\",\"@id\":\"https:\/\/hudsonmanor.org\/privacy-policy\/#breadcrumb\",\"itemListElement\":[{\"@type\":\"ListItem\",\"position\":1,\"name\":\"Home\",\"item\":\"https:\/\/hudsonmanor.org\/\"},{\"@type\":\"ListItem\",\"position\":2,\"name\":\"Charte de confidentialit\u00e9\"}]},{\"@type\":\"WebSite\",\"@id\":\"https:\/\/hudsonmanor.org\/#website\",\"url\":\"https:\/\/hudsonmanor.org\/\",\"name\":\"hudsonmanor.org\",\"description\":\"Comparatifs et conseils mode \u2013 Tendances et styles\",\"potentialAction\":[{\"@type\":\"SearchAction\",\"target\":{\"@type\":\"EntryPoint\",\"urlTemplate\":\"https:\/\/hudsonmanor.org\/?s={search_term_string}\"},\"query-input\":\"required name=search_term_string\"}],\"inLanguage\":\"ro-RO\"}]}<\/script>\n<!-- \/ Yoast SEO plugin. -->","yoast_head_json":{"title":"Charte de confidentialit\u00e9 - hudsonmanor.org","robots":{"index":"index","follow":"follow","max-snippet":"max-snippet:-1","max-image-preview":"max-image-preview:large","max-video-preview":"max-video-preview:-1"},"canonical":"https:\/\/hudsonmanor.org\/ro\/privacy-policy\/","og_locale":"ro_RO","og_type":"article","og_title":"Charte de confidentialit\u00e9 - hudsonmanor.org","og_description":"1. Introduction Bienvenue sur HudsonManor.org (le \u00ab\u00a0Site\u00a0\u00bb). Cette politique de confidentialit\u00e9 d\u00e9crit comment nous collectons, utilisons et prot\u00e9geons vos informations personnelles lorsque vous utilisez notre Site. En naviguant sur notre Site, vous acceptez les pratiques d\u00e9crites dans cette politique. Nous collectons des informations personnelles, techniques et d&rsquo;utilisation afin d&rsquo;am\u00e9liorer nos... Poursuivre la lecture","og_url":"https:\/\/hudsonmanor.org\/ro\/privacy-policy\/","og_site_name":"hudsonmanor.org","article_modified_time":"2025-01-30T13:13:54+00:00","twitter_card":"summary_large_image","twitter_misc":{"Timp estimat pentru citire":"3 minute"},"schema":{"@context":"https:\/\/schema.org","@graph":[{"@type":"WebPage","@id":"https:\/\/hudsonmanor.org\/privacy-policy\/","url":"https:\/\/hudsonmanor.org\/privacy-policy\/","name":"Charte de confidentialit\u00e9 - hudsonmanor.org","isPartOf":{"@id":"https:\/\/hudsonmanor.org\/#website"},"datePublished":"2021-12-21T10:05:49+00:00","dateModified":"2025-01-30T13:13:54+00:00","breadcrumb":{"@id":"https:\/\/hudsonmanor.org\/privacy-policy\/#breadcrumb"},"inLanguage":"ro-RO","potentialAction":[{"@type":"ReadAction","target":["https:\/\/hudsonmanor.org\/privacy-policy\/"]}]},{"@type":"BreadcrumbList","@id":"https:\/\/hudsonmanor.org\/privacy-policy\/#breadcrumb","itemListElement":[{"@type":"ListItem","position":1,"name":"Home","item":"https:\/\/hudsonmanor.org\/"},{"@type":"ListItem","position":2,"name":"Charte de confidentialit\u00e9"}]},{"@type":"WebSite","@id":"https:\/\/hudsonmanor.org\/#website","url":"https:\/\/hudsonmanor.org\/","name":"hudsonmanor.org","description":"Comparatifs et conseils mode \u2013 Tendances et styles","potentialAction":[{"@type":"SearchAction","target":{"@type":"EntryPoint","urlTemplate":"https:\/\/hudsonmanor.org\/?s={search_term_string}"},"query-input":"required name=search_term_string"}],"inLanguage":"ro-RO"}]}},"yoast_meta":{"yoast_wpseo_title":"","yoast_wpseo_metadesc":"","yoast_wpseo_canonical":"https:\/\/hudsonmanor.org\/ro\/wp-json\/wp\/v2\/pages\/3"},"_links":{"self":[{"href":"https:\/\/hudsonmanor.org\/ro\/wp-json\/wp\/v2\/pages\/3","targetHints":{"allow":["GET"]}}],"collection":[{"href":"https:\/\/hudsonmanor.org\/ro\/wp-json\/wp\/v2\/pages"}],"about":[{"href":"https:\/\/hudsonmanor.org\/ro\/wp-json\/wp\/v2\/types\/page"}],"author":[{"embeddable":true,"href":"https:\/\/hudsonmanor.org\/ro\/wp-json\/wp\/v2\/users\/1"}],"replies":[{"embeddable":true,"href":"https:\/\/hudsonmanor.org\/ro\/wp-json\/wp\/v2\/comments?post=3"}],"version-history":[{"count":1,"href":"https:\/\/hudsonmanor.org\/ro\/wp-json\/wp\/v2\/pages\/3\/revisions"}],"predecessor-version":[{"id":43,"href":"https:\/\/hudsonmanor.org\/ro\/wp-json\/wp\/v2\/pages\/3\/revisions\/43"}],"wp:attachment":[{"href":"https:\/\/hudsonmanor.org\/ro\/wp-json\/wp\/v2\/media?parent=3"}],"curies":[{"name":"wp","href":"https:\/\/api.w.org\/{rel}","templated":true}]}}